{"id":170,"date":"2014-10-19T16:49:43","date_gmt":"2014-10-19T16:49:43","guid":{"rendered":"http:\/\/erzgebirgisches-schnitzstuebel.de\/?page_id=170"},"modified":"2026-05-08T06:28:14","modified_gmt":"2026-05-08T06:28:14","slug":"unsere-laeden","status":"publish","type":"page","link":"https:\/\/erzgebirgisches-schnitzstuebel.de\/?page_id=170","title":{"rendered":"Unser Laden"},"content":{"rendered":"<h1 style=\"text-align: center;\">\u00d6ffnungszeiten &amp; Kontakt<\/h1>\n<hr \/>\n<p><strong>Anschrift<\/strong><\/p>\n<p>Erzgebirgisches Schnitzst\u00fcbel Jehn &amp; Uhlig GbR<\/p>\n<p>Schneeberger Stra\u00dfe 24<br \/>\n08280 Aue<\/p>\n<p><strong>\u00a0Saisonale \u00d6ffnungszeiten Mai\/Juni\u00a0 \u00a0\u00a0<\/strong><\/p>\n<p>Montag\u00a0 \u00a0 \u00a0 \u00a0 \u00a0 \u00a0 \u00a0 \u00a0 \u00a0 \u00a0 \u00a0 \u00a0 \u00a0 \u00a0 \u00a0 \u00a0 \u00a0 \u00a0 \u00a0 \u00a0 \u00a0 \u00a0 \u00a0 \u00a0 \u00a0geschlossen<\/p>\n<p>Dienstag\u00a0 \u00a0 \u00a0 \u00a0 \u00a0 \u00a0 \u00a0 \u00a0 \u00a0 \u00a0 \u00a0 \u00a0 \u00a0 \u00a0 \u00a0 \u00a0 \u00a0 \u00a0 \u00a0 \u00a0 \u00a0 \u00a0 \u00a0 10.00 &#8211; 17.00 Uhr<\/p>\n<p>Mittwoch\u00a0 \u00a0 \u00a0 \u00a0 \u00a0 \u00a0 \u00a0 \u00a0 \u00a0 \u00a0 \u00a0 \u00a0 \u00a0 \u00a0 \u00a0 \u00a0 \u00a0 \u00a0 \u00a0 \u00a0 \u00a0 \u00a0 \u00a010.00 -14.00 Uhr<\/p>\n<p>Donnerstag\u00a0 \u00a0 \u00a0 \u00a0 \u00a0 \u00a0 \u00a0 \u00a0 \u00a0 \u00a0 \u00a0 \u00a0 \u00a0 \u00a0 \u00a0 \u00a0 \u00a0 \u00a0 \u00a0 \u00a0 \u00a010.00-17.00 Uhr<\/p>\n<p>Freitag\u00a0 \u00a0 \u00a0 \u00a0 \u00a0 \u00a0 \u00a0 \u00a0 \u00a0 \u00a0 \u00a0 \u00a0 \u00a0 \u00a0 \u00a0 \u00a0 \u00a0 \u00a0 \u00a0 \u00a0 \u00a0 \u00a0 \u00a0 \u00a0 \u00a010.00-15.00 Uhr<\/p>\n<p>Samstag\u00a0 \u00a0 \u00a0 \u00a0 \u00a0 \u00a0 \u00a0 \u00a0 \u00a0 \u00a0 \u00a0 \u00a0 \u00a0 \u00a0 \u00a0 \u00a0 \u00a0 \u00a0 \u00a0 \u00a0 \u00a0 \u00a0 \u00a0 \u00a0geschlossen<\/p>\n<p>&nbsp;<\/p>\n<p>&nbsp;<\/p>\n<p>&nbsp;<\/p>\n<h1 style=\"text-align: center;\">Impressionen<\/h1>\n<hr \/>\n<div class=\"nivo-content\"><div class=\"nivo-wrapper\"><div class=\"nivo-slider\" id=\"nivo-slider-1701\" style=\"max-height:450px;\"><img decoding=\"async\" src=\"https:\/\/erzgebirgisches-schnitzstuebel.de\/wp-content\/uploads\/2014\/10\/058-Kopie-675x450.jpg\" title=\"\" alt=\"\" \/><img decoding=\"async\" src=\"https:\/\/erzgebirgisches-schnitzstuebel.de\/wp-content\/uploads\/2014\/10\/Aue07-Kopie-986x450.jpg\" title=\"\" alt=\"\" \/><img decoding=\"async\" src=\"https:\/\/erzgebirgisches-schnitzstuebel.de\/wp-content\/uploads\/2014\/10\/Aue200-11-Kopie-780x450.jpg\" title=\"\" alt=\"\" \/><img decoding=\"async\" src=\"https:\/\/erzgebirgisches-schnitzstuebel.de\/wp-content\/uploads\/2014\/10\/Aue200-4-Kopie-835x450.jpg\" title=\"\" alt=\"\" \/><img decoding=\"async\" src=\"https:\/\/erzgebirgisches-schnitzstuebel.de\/wp-content\/uploads\/2014\/10\/Aue200-23-Kopie-907x450.jpg\" title=\"\" alt=\"\" \/><img decoding=\"async\" src=\"https:\/\/erzgebirgisches-schnitzstuebel.de\/wp-content\/uploads\/2014\/10\/Aue200-21-Kopie-915x450.jpg\" title=\"\" alt=\"\" \/><img decoding=\"async\" src=\"https:\/\/erzgebirgisches-schnitzstuebel.de\/wp-content\/uploads\/2014\/10\/Aue200-16-Kopie-804x450.jpg\" title=\"\" alt=\"\" \/><img decoding=\"async\" src=\"https:\/\/erzgebirgisches-schnitzstuebel.de\/wp-content\/uploads\/2014\/10\/Aue2009-4-Kopie-743x450.jpg\" title=\"\" alt=\"\" \/><img decoding=\"async\" src=\"https:\/\/erzgebirgisches-schnitzstuebel.de\/wp-content\/uploads\/2014\/10\/Aue2009-5-Kopie1-672x450.jpg\" title=\"\" alt=\"\" \/><img decoding=\"async\" src=\"https:\/\/erzgebirgisches-schnitzstuebel.de\/wp-content\/uploads\/2014\/10\/058-675x450.jpg\" title=\"\" alt=\"\" \/><\/div><\/div><\/div>\n<h1 style=\"text-align: center;\">F\u00fcr Fragen stehen wir Ihnen jederzeit zur Verf\u00fcgung!<\/h1>\n<hr \/>\n<p style=\"text-align: center;\">Kontaktieren Sie uns entweder telefonisch unter 03771 22632 oder schreiben Sie uns Ihre Anfrage per eMail:<\/p>\n","protected":false},"excerpt":{"rendered":"<p>\u00d6ffnungszeiten &amp; Kontakt Anschrift Erzgebirgisches Schnitzst\u00fcbel Jehn &amp; Uhlig GbR Schneeberger Stra\u00dfe 24 08280 Aue \u00a0Saisonale \u00d6ffnungszeiten Mai\/Juni\u00a0 \u00a0\u00a0 Montag\u00a0 [&hellip;]<\/p>\n","protected":false},"author":1,"featured_media":0,"parent":0,"menu_order":0,"comment_status":"closed","ping_status":"closed","template":"template-contact.php","meta":{"footnotes":""},"class_list":["post-170","page","type-page","status-publish","hentry"],"_links":{"self":[{"href":"https:\/\/erzgebirgisches-schnitzstuebel.de\/index.php?rest_route=\/wp\/v2\/pages\/170","targetHints":{"allow":["GET"]}}],"collection":[{"href":"https:\/\/erzgebirgisches-schnitzstuebel.de\/index.php?rest_route=\/wp\/v2\/pages"}],"about":[{"href":"https:\/\/erzgebirgisches-schnitzstuebel.de\/index.php?rest_route=\/wp\/v2\/types\/page"}],"author":[{"embeddable":true,"href":"https:\/\/erzgebirgisches-schnitzstuebel.de\/index.php?rest_route=\/wp\/v2\/users\/1"}],"replies":[{"embeddable":true,"href":"https:\/\/erzgebirgisches-schnitzstuebel.de\/index.php?rest_route=%2Fwp%2Fv2%2Fcomments&post=170"}],"version-history":[{"count":59,"href":"https:\/\/erzgebirgisches-schnitzstuebel.de\/index.php?rest_route=\/wp\/v2\/pages\/170\/revisions"}],"predecessor-version":[{"id":473,"href":"https:\/\/erzgebirgisches-schnitzstuebel.de\/index.php?rest_route=\/wp\/v2\/pages\/170\/revisions\/473"}],"wp:attachment":[{"href":"https:\/\/erzgebirgisches-schnitzstuebel.de\/index.php?rest_route=%2Fwp%2Fv2%2Fmedia&parent=170"}],"curies":[{"name":"wp","href":"https:\/\/api.w.org\/{rel}","templated":true}]}}