{"id":264,"date":"2014-11-10T19:24:33","date_gmt":"2014-11-10T19:24:33","guid":{"rendered":"http:\/\/erzgebirgisches-schnitzstuebel.de\/?page_id=264"},"modified":"2018-10-19T12:27:18","modified_gmt":"2018-10-19T12:27:18","slug":"impressum","status":"publish","type":"page","link":"https:\/\/erzgebirgisches-schnitzstuebel.de\/?page_id=264","title":{"rendered":"Impressum"},"content":{"rendered":"<h1 style=\"text-align: center;\"><strong>Impressum<\/strong><\/h1>\n<p style=\"text-align: center;\">Angaben gem\u00e4\u00df \u00a7 5 TMG:<\/p>\n<p>&nbsp;<\/p>\n<p style=\"text-align: center;\"><span style=\"text-decoration: underline;\"><strong>Herausgeber von dieser Seite:<\/strong><\/span><strong>\u00a0<\/strong><\/p>\n<p style=\"text-align: center;\">Erzgebirgisches Schnitzst\u00fcbel<\/p>\n<p style=\"text-align: center;\">Jehn &amp;Uhlig Gbr<br \/>\nSchneeberger Stra\u00dfe 24<\/p>\n<p style=\"text-align: center;\">08280 Aue<\/p>\n<p>&nbsp;<\/p>\n<p style=\"text-align: center;\"><span style=\"text-decoration: underline;\"><strong>Gesch\u00e4ftsf\u00fchrer:<\/strong><\/span><\/p>\n<p style=\"text-align: center;\">Detlef Jehn und J\u00f6rg Uhlig<\/p>\n<p>&nbsp;<\/p>\n<p style=\"text-align: center;\"><span style=\"text-decoration: underline;\"><strong>Kontakt:<\/strong><\/span><\/p>\n<p style=\"text-align: center;\">Telefon: 03771-22632<\/p>\n<p style=\"text-align: center;\">Telefax: 03771-258717<\/p>\n<p style=\"text-align: center;\">E-Mail: schnitzstuebel@jehn-art.de<\/p>\n<p>&nbsp;<\/p>\n<p style=\"text-align: center;\">Umsatzsteuer-Identifikationsnummer gem\u00e4\u00df \u00a7 27 a UstG.: DE 141040989<\/p>\n<p style=\"text-align: center;\">Gerichtsstand : Amtsgericht Aue, Erf\u00fcllungsort : Aue<\/p>\n<p style=\"text-align: center;\">Inhaltlich Verantwortliche gem\u00e4\u00df \u00a7 10 Absatz 3 MDSTV: Detlef Jehn, J\u00f6rg Uhlig<\/p>\n<p>&nbsp;<\/p>\n<p style=\"text-align: center;\"><span style=\"text-decoration: underline;\"><strong><em>Haftungshinweis:<\/em><\/strong><\/span><\/p>\n<p>&nbsp;<\/p>\n<p style=\"text-align: center;\">Trotz sorgf\u00e4ltiger Kontrolle \u00fcbernehmen wir keine Haftung f\u00fcr die Inhalte externer Links.<br \/>\nF\u00fcr die Inhalte der verlinkten Seiten sind ausschlie\u00dflich deren Betreiber verantwortlich.<\/p>\n","protected":false},"excerpt":{"rendered":"<p>Impressum Angaben gem\u00e4\u00df \u00a7 5 TMG: &nbsp; Herausgeber von dieser Seite:\u00a0 Erzgebirgisches Schnitzst\u00fcbel Jehn &amp;Uhlig Gbr Schneeberger Stra\u00dfe 24 08280 [&hellip;]<\/p>\n","protected":false},"author":1,"featured_media":0,"parent":0,"menu_order":0,"comment_status":"open","ping_status":"closed","template":"","meta":{"footnotes":""},"class_list":["post-264","page","type-page","status-publish","hentry"],"_links":{"self":[{"href":"https:\/\/erzgebirgisches-schnitzstuebel.de\/index.php?rest_route=\/wp\/v2\/pages\/264","targetHints":{"allow":["GET"]}}],"collection":[{"href":"https:\/\/erzgebirgisches-schnitzstuebel.de\/index.php?rest_route=\/wp\/v2\/pages"}],"about":[{"href":"https:\/\/erzgebirgisches-schnitzstuebel.de\/index.php?rest_route=\/wp\/v2\/types\/page"}],"author":[{"embeddable":true,"href":"https:\/\/erzgebirgisches-schnitzstuebel.de\/index.php?rest_route=\/wp\/v2\/users\/1"}],"replies":[{"embeddable":true,"href":"https:\/\/erzgebirgisches-schnitzstuebel.de\/index.php?rest_route=%2Fwp%2Fv2%2Fcomments&post=264"}],"version-history":[{"count":7,"href":"https:\/\/erzgebirgisches-schnitzstuebel.de\/index.php?rest_route=\/wp\/v2\/pages\/264\/revisions"}],"predecessor-version":[{"id":271,"href":"https:\/\/erzgebirgisches-schnitzstuebel.de\/index.php?rest_route=\/wp\/v2\/pages\/264\/revisions\/271"}],"wp:attachment":[{"href":"https:\/\/erzgebirgisches-schnitzstuebel.de\/index.php?rest_route=%2Fwp%2Fv2%2Fmedia&parent=264"}],"curies":[{"name":"wp","href":"https:\/\/api.w.org\/{rel}","templated":true}]}}